{"id":1529,"date":"2022-09-16T16:16:19","date_gmt":"2022-09-16T14:16:19","guid":{"rendered":"https:\/\/www.formademia.fr\/blog\/?page_id=1529"},"modified":"2022-09-16T17:33:44","modified_gmt":"2022-09-16T15:33:44","slug":"fiches-metiers","status":"publish","type":"page","link":"https:\/\/www.formademia.fr\/blog\/fiches-metiers\/","title":{"rendered":"Quels sont les m\u00e9tiers et comment choisir sa reconversion professionnelle ?"},"content":{"rendered":"\n<figure class=\"wp-block-image size-large\"><img loading=\"lazy\" width=\"1024\" height=\"683\" src=\"https:\/\/www.formademia.fr\/blog\/wp-content\/uploads\/2022\/09\/Responsable-Grands-Comptes-1-1024x683.jpeg\" alt=\"\" class=\"wp-image-1498\" srcset=\"https:\/\/www.formademia.fr\/blog\/wp-content\/uploads\/2022\/09\/Responsable-Grands-Comptes-1-1024x683.jpeg 1024w, https:\/\/www.formademia.fr\/blog\/wp-content\/uploads\/2022\/09\/Responsable-Grands-Comptes-1-300x200.jpeg 300w, https:\/\/www.formademia.fr\/blog\/wp-content\/uploads\/2022\/09\/Responsable-Grands-Comptes-1-768x512.jpeg 768w, https:\/\/www.formademia.fr\/blog\/wp-content\/uploads\/2022\/09\/Responsable-Grands-Comptes-1-1536x1024.jpeg 1536w, https:\/\/www.formademia.fr\/blog\/wp-content\/uploads\/2022\/09\/Responsable-Grands-Comptes-1-600x400.jpeg 600w, https:\/\/www.formademia.fr\/blog\/wp-content\/uploads\/2022\/09\/Responsable-Grands-Comptes-1.jpeg 1560w\" sizes=\"(max-width: 1024px) 100vw, 1024px\" \/><\/figure>\n\n\n\n<p><strong>Aujourd&#8217;hui, vous disposez d\u2019un large \u00e9ventail de choix pour d\u00e9marrer de nouveaux projets professionnels. Alors pourquoi ne pas en profiter pour choisir un nouveau m\u00e9tier et d\u00e9marrer une nouvelle vie ? Mais le tout est de savoir comment choisir un m\u00e9tier lors d&#8217;une reconversion professionnelle. Formademia vous explique tout. <\/strong><\/p>\n\n\n\n<div id=\"ez-toc-container\" class=\"ez-toc-v2_0_19 counter-hierarchy ez-toc-grey\">\n<div class=\"ez-toc-title-container\">\n<p class=\"ez-toc-title\">Sommaire<\/p>\n<span class=\"ez-toc-title-toggle\"><\/span><\/div>\n<nav><ul class=\"ez-toc-list ez-toc-list-level-1\"><li class=\"ez-toc-page-1 ez-toc-heading-level-2\"><a class=\"ez-toc-link ez-toc-heading-1\" href=\"https:\/\/www.formademia.fr\/blog\/fiches-metiers\/#En_quoi_consiste_la_reconversion_professionnelle\" title=\"En quoi consiste la reconversion professionnelle ?\">En quoi consiste la reconversion professionnelle ?<\/a><\/li><li class=\"ez-toc-page-1 ez-toc-heading-level-2\"><a class=\"ez-toc-link ez-toc-heading-2\" href=\"https:\/\/www.formademia.fr\/blog\/fiches-metiers\/#Comment_choisir_un_metier_lors_dune_reconversion_professionnelle\" title=\"Comment choisir un m\u00e9tier lors d&#8217;une reconversion professionnelle ? \">Comment choisir un m\u00e9tier lors d&#8217;une reconversion professionnelle ? <\/a><ul class=\"ez-toc-list-level-3\"><li class=\"ez-toc-heading-level-3\"><a class=\"ez-toc-link ez-toc-heading-3\" href=\"https:\/\/www.formademia.fr\/blog\/fiches-metiers\/#Realiser_un_bilan_de_competences\" title=\"R\u00e9aliser un bilan de comp\u00e9tences \">R\u00e9aliser un bilan de comp\u00e9tences <\/a><\/li><li class=\"ez-toc-page-1 ez-toc-heading-level-3\"><a class=\"ez-toc-link ez-toc-heading-4\" href=\"https:\/\/www.formademia.fr\/blog\/fiches-metiers\/#Faire_appel_a_un_coach_carriere\" title=\"Faire appel \u00e0 un coach carri\u00e8re\">Faire appel \u00e0 un coach carri\u00e8re<\/a><\/li><\/ul><\/li><li class=\"ez-toc-page-1 ez-toc-heading-level-2\"><a class=\"ez-toc-link ez-toc-heading-5\" href=\"https:\/\/www.formademia.fr\/blog\/fiches-metiers\/#Quels_sont_les_metiers_qui_recrutent_en_2022\" title=\"Quels sont les m\u00e9tiers qui recrutent en 2022 ? \">Quels sont les m\u00e9tiers qui recrutent en 2022 ? <\/a><\/li><li class=\"ez-toc-page-1 ez-toc-heading-level-2\"><a class=\"ez-toc-link ez-toc-heading-6\" href=\"https:\/\/www.formademia.fr\/blog\/fiches-metiers\/#A_qui_sadresser_pour_une_reconversion_professionnelle\" title=\"\u00c0 qui s&#8217;adresser pour une reconversion professionnelle ?\">\u00c0 qui s&#8217;adresser pour une reconversion professionnelle ?<\/a><\/li><li class=\"ez-toc-page-1 ez-toc-heading-level-2\"><a class=\"ez-toc-link ez-toc-heading-7\" href=\"https:\/\/www.formademia.fr\/blog\/fiches-metiers\/#Comment_financer_une_reconversion_professionnelle\" title=\"Comment financer une reconversion professionnelle ? \">Comment financer une reconversion professionnelle ? <\/a><\/li><\/ul><\/nav><\/div>\n<h2><span class=\"ez-toc-section\" id=\"En_quoi_consiste_la_reconversion_professionnelle\"><\/span>En quoi consiste la reconversion professionnelle ?<span class=\"ez-toc-section-end\"><\/span><\/h2>\n\n\n\n<p>La reconversion professionnelle d\u00e9coule de la volont\u00e9 d&#8217;un individu de changer de carri\u00e8re au cours de son activit\u00e9 pour une nouvelle vie. En effet, d\u00e9sormais, de nombreux actifs n&#8217;h\u00e9sitent plus \u00e0 remettre en question leurs choix ant\u00e9rieurs et recherchent de nouvelles perspectives. <\/p>\n\n\n\n<p>Autrefois mal vue, la reconversion professionnelle est aujourd&#8217;hui g\u00e9n\u00e9ralis\u00e9e et peut se r\u00e9aliser au sein d&#8217;une m\u00eame entreprise ou entre deux disciplines professionnelles totalement distinctes. Dans tous les cas, l&#8217;important est de r\u00e9fl\u00e9chir sereinement \u00e0 la bonne d\u00e9cision \u00e0 prendre et, si l&#8217;on d\u00e9cide bel et bien de changer d&#8217;activit\u00e9, mettre toutes ses chances de son c\u00f4t\u00e9 pour que cette reconversion soit un succ\u00e8s.<\/p>\n\n\n\n<p>Par exemple, il est possible de se reconvertir pour les raisons suivantes : <\/p>\n\n\n\n<ul><li>Se rendre compte apr\u00e8s plusieurs ann\u00e9es que le poste occup\u00e9 ne vous correspond plus ;<\/li><li>Choisir une voie qui ne d\u00e9bouche pas sur un emploi stable ;<\/li><li>Subir un licenciement ;<\/li><li>Vivre depuis quelques ann\u00e9es dans une tr\u00e8s mauvaise ambiance de travail ;<\/li><li>Se sentir mal au poste de travail actuel ;<\/li><li>Avoir eu un accident du travail qui ne vous permet plus d\u2019exercer votre fonction au sein de l\u2019entreprise ;<\/li><li>Une forte envie de changement, r\u00e9aliser votre r\u00eave, avoir un m\u00e9tier plus enrichissant qui a du sens pour vous, etc. <\/li><\/ul>\n\n\n\n<h2><span class=\"ez-toc-section\" id=\"Comment_choisir_un_metier_lors_dune_reconversion_professionnelle\"><\/span>Comment choisir un m\u00e9tier lors d&#8217;une reconversion professionnelle ? <span class=\"ez-toc-section-end\"><\/span><\/h2>\n\n\n\n<p>Une reconversion professionnelle ne s&#8217;op\u00e8re pas \u00e0 la l\u00e9g\u00e8re. Il est important d&#8217;\u00eatre bien pr\u00e9par\u00e9 pour donner \u00e0 cette aventure une chance de succ\u00e8s. Pour cela, 2 possibilit\u00e9s s\u2019offrent \u00e0 vous.<\/p>\n\n\n\n<h3><span class=\"ez-toc-section\" id=\"Realiser_un_bilan_de_competences\"><\/span>R\u00e9aliser un bilan de comp\u00e9tences <span class=\"ez-toc-section-end\"><\/span><\/h3>\n\n\n\n<div class=\"wp-block-image\"><figure class=\"alignright size-full is-resized\"><img loading=\"lazy\" src=\"https:\/\/www.formademia.fr\/blog\/wp-content\/uploads\/2022\/09\/fiches-metiers-3.jpeg\" alt=\"\" class=\"wp-image-1365\" width=\"422\" height=\"281\" srcset=\"https:\/\/www.formademia.fr\/blog\/wp-content\/uploads\/2022\/09\/fiches-metiers-3.jpeg 612w, https:\/\/www.formademia.fr\/blog\/wp-content\/uploads\/2022\/09\/fiches-metiers-3-300x200.jpeg 300w, https:\/\/www.formademia.fr\/blog\/wp-content\/uploads\/2022\/09\/fiches-metiers-3-600x400.jpeg 600w\" sizes=\"(max-width: 422px) 100vw, 422px\" \/><\/figure><\/div>\n\n\n\n<p>Lors d&#8217;une reconversion professionnelle, le bilan de comp\u00e9tences est une \u00e9tape indispensable. Ce bilan tel que d\u00e9finie par le droit du travail, est un dispositif d&#8217;accompagnement personnalis\u00e9 qui s&#8217;inscrit dans le cadre de la formation continue. Il permet de faire le point sur votre parcours et personnalit\u00e9 afin de d\u00e9finir un projet professionnel tel qu&#8217;un changement de carri\u00e8re, un projet de formation, d&#8217;\u00e9volution professionnelle ou de recherche d&#8217;emploi.<\/p>\n\n\n\n<p>En fonction du profil, les bilans de comp\u00e9tences sont diff\u00e9rents. \u00c0 savoir qu&#8217;ils peuvent servir \u00e0 : <\/p>\n\n\n\n<ul><li>Prendre du recul sur soi et sur son devenir professionnel ;<\/li><li>S\u2019ouvrir \u00e0 de nouvelles perspectives d\u2019\u00e9volution ;<\/li><li>Donner du sens \u00e0 sa carri\u00e8re&nbsp;;<\/li><li>D\u00e9finir concr\u00e8tement les prochaines \u00e9tapes ;<\/li><li>(Re)prendre confiance en soi et s\u2019appuyer sur ses comp\u00e9tences et ses acquis pour r\u00e9aliser son nouveau projet ;<\/li><li>Devenir acteur de sa carri\u00e8re et de se mettre en mouvement. <\/li><\/ul>\n\n\n\n<div class='shortcode important'><div class='title'>Important<\/div><div class='content'>Vous souhaitez trouver le m\u00e9tier qui vous correspond ? Nos coachs professionnels peuvent vous proposer un parcours 100 % en ligne pour choisir la voie professionnelle qui vous ressemble vraiment.<\/div><\/div>\n\n\n\n<h3><span class=\"ez-toc-section\" id=\"Faire_appel_a_un_coach_carriere\"><\/span>Faire appel \u00e0 un coach carri\u00e8re<span class=\"ez-toc-section-end\"><\/span><\/h3>\n\n\n\n<p>Un coach carri\u00e8re vous aide \u00e0 ma\u00eetriser une transition de carri\u00e8re et agir de mani\u00e8re tactique et efficace. Il permet de d\u00e9velopper une vision claire et concr\u00e8te des objectifs et de leur impact professionnel et personnel.<\/p>\n\n\n\n<p>Il est important de comprendre que la mission du coach n&#8217;est pas de se substituer aux clients ou simplement de donner des conseils. En effet, il constitue un v\u00e9ritable acteur de prise de conscience afin que de vous permettre de comprendre par vous-m\u00eame comment lever les freins et blocages qui vous emp\u00eachent d&#8217;avancer.<\/p>\n\n\n\n<h2><span class=\"ez-toc-section\" id=\"Quels_sont_les_metiers_qui_recrutent_en_2022\"><\/span>Quels sont les m\u00e9tiers qui recrutent en 2022 ? <span class=\"ez-toc-section-end\"><\/span><\/h2>\n\n\n\n<p>Au pr\u00e9alable, il est essentiel de regrouper les professions en fonction des qualifications, ambitions et suivants les r\u00e9flexions afin d&#8217;\u00e9tablir une premi\u00e8re liste pour identifier :<\/p>\n\n\n\n<ul><li>Les m\u00e9tiers qui concilient travail et vie personnelle<\/li><li>Les m\u00e9tiers qui offrent une r\u00e9mun\u00e9ration suffisante et\/ou \u00e9volutive<\/li><li>Les m\u00e9tiers qui ne connaissent pas la crise<\/li><\/ul>\n\n\n\n<p>En effet, choisir un domaine d&#8217;activit\u00e9 prometteur est clairement important. Cela n&#8217;a aucun sens de changer de travail si vous choisissez une activit\u00e9 peu rentable, voire inadapt\u00e9e au march\u00e9.<\/p>\n\n\n\n<p>En mati\u00e8re de reconversion, certains secteurs sont plus faciles \u00e0 appr\u00e9hender que d&#8217;autres. Par cons\u00e9quent, certains des secteurs les plus ouverts \u00e0 la reconversion comprennent :<\/p>\n\n\n\n<ul><li>Le digital<\/li><li>Les <a href=\"https:\/\/www.formademia.fr\/blog\/fiches-metiers\/commerciaux\/\">commerciaux <\/a><\/li><li>L&#8217;assistanat <\/li><li>Le <a href=\"https:\/\/www.formademia.fr\/blog\/fiches-metiers\/medical\/\">m\u00e9dical <\/a><\/li><li>Le <a href=\"https:\/\/www.formademia.fr\/blog\/fiches-metiers\/marketing\/\">marketing <\/a><\/li><li>L&#8217;<a href=\"https:\/\/www.formademia.fr\/blog\/fiches-metiers\/informatique\/\">informatique <\/a><\/li><li>RSE<\/li><li>Le secteur public <\/li><li>L&#8217;industrie <\/li><li>La <a href=\"https:\/\/www.formademia.fr\/blog\/fiches-metiers\/communication\/\">communication <\/a><\/li><li>L&#8217;<a href=\"https:\/\/www.formademia.fr\/blog\/fiches-metiers\/immobilier\/\">immobilier<\/a><\/li><\/ul>\n\n\n\n<div class='shortcode cta-block'><div class='text'> Trouvez le m\u00e9tier qui vous correspond sur Formademia gr\u00e2ce \u00e0 nos coachs.<\/div><a href='https:\/\/www.formademia.fr\/formulaire\/formation' class='btn btn-blue'>Simulation gratuite<\/a><\/div>\n\n\n\n<h2><span class=\"ez-toc-section\" id=\"A_qui_sadresser_pour_une_reconversion_professionnelle\"><\/span>\u00c0 qui s&#8217;adresser pour une reconversion professionnelle ?<span class=\"ez-toc-section-end\"><\/span><\/h2>\n\n\n\n<p>Lors d&#8217;une reconversion professionnelle, il n&#8217;est pas toujours simple de trouver un organisme interm\u00e9diaire auquel s&#8217;adresser durant ce projet. Ainsi, vous pouvez vous orienter vers les structures suivantes : <\/p>\n\n\n\n<ul><li>L&#8217;Agence Nationale pour la Formation Professionnelle des Adultes (AFPA) : il est destin\u00e9 aux salari\u00e9s et demandeurs d\u2019emploi afin de b\u00e9n\u00e9ficier d&#8217;une multitude de formations.<\/li><li>P\u00f4le Emploi : pour les demandeurs d&#8217;emploi, il est possible de se tourner vers votre agence P\u00f4le emploi&nbsp;la plus proche. L&#8217;organisme peut vous proposer un financement de votre formation. Si vous \u00eates cadre, vous pouvez vous rapprocher de votre agence&nbsp;APEC.<\/li><li>Les organismes de formation : si vous \u00eates int\u00e9ress\u00e9 par une formation, vous pouvez prendre contact avec un organisme de formation comme&nbsp;Formademia.<\/li><\/ul>\n\n\n\n<figure class=\"wp-block-gallery alignright has-nested-images columns-default is-cropped\">\n<figure class=\"wp-block-image size-full\"><img loading=\"lazy\" width=\"612\" height=\"402\" data-id=\"1370\"  src=\"https:\/\/www.formademia.fr\/blog\/wp-content\/uploads\/2022\/09\/fiches-metiers-2-3.jpeg\" alt=\"\" class=\"wp-image-1370\" srcset=\"https:\/\/www.formademia.fr\/blog\/wp-content\/uploads\/2022\/09\/fiches-metiers-2-3.jpeg 612w, https:\/\/www.formademia.fr\/blog\/wp-content\/uploads\/2022\/09\/fiches-metiers-2-3-300x197.jpeg 300w, https:\/\/www.formademia.fr\/blog\/wp-content\/uploads\/2022\/09\/fiches-metiers-2-3-600x394.jpeg 600w\" sizes=\"(max-width: 612px) 100vw, 612px\" \/><\/figure>\n<\/figure>\n\n\n\n<ul><li>Le &nbsp;groupement d&#8217;\u00e9tablissements publics locaux d&#8217;enseignement&nbsp;(GRETA) : Ce r\u00e9seau de l\u2019\u00c9ducation nationale propose des formations qualifiantes.<\/li><li>L&#8217;Association de Gestion du Fonds pour l&#8217;Insertion Professionnelle des Personnes Handicap\u00e9es (AGEFIPH) : elle accompagne les personnes handicap\u00e9es pour construire leur projet professionnel et trouver un emploi.<\/li><li>Les Chambres des M\u00e9tiers et de l\u2019Artisanat : elles proposent des formations et des stages pour accompagner une reconversion professionnelle.<\/li><li>Le Conservatoire National des Arts et M\u00e9tiers (CNAM) : il propose de nombreuses formations dans de nombreux m\u00e9tiers. Ces derni\u00e8res peuvent \u00eatre suivies en cours du soir ou \u00e0 l\u2019aide de leur plateforme de formation \u00e0 distance.<\/li><\/ul>\n\n\n\n<h2><span class=\"ez-toc-section\" id=\"Comment_financer_une_reconversion_professionnelle\"><\/span>Comment financer une reconversion professionnelle ? <span class=\"ez-toc-section-end\"><\/span><\/h2>\n\n\n\n<p>Afin de vous soutenir dans ce changement de vie professionnelle, il existe diff\u00e9rents dispositifs de financement attribu\u00e9s en fonction de votre statut professionnel. <\/p>\n\n\n\n<p>Les salari\u00e9s peuvent recourir \u00e0 : <\/p>\n\n\n\n<ul><li>La reconversion ou promotion par alternance (Pro-A)<\/li><li>Le plan de d\u00e9veloppement des comp\u00e9tences<\/li><li>Le cong\u00e9 de transition professionnelle (CTP)<\/li><li>Le Compte Personnel de Formation (CPF)<\/li><li>Le CPF de transition professionnelle<\/li><\/ul>\n\n\n\n<p>Pour les demandeurs d&#8217;emploi, il est possible de solliciter le :   <\/p>\n\n\n\n<ul><li>Conseil en \u00c9volution Professionnelle (CEP)<\/li><li>Le Compte Personnel de Formation (CPF)<\/li><li>L\u2019Action de Formation Conventionn\u00e9e (AFC)<\/li><li>L\u2019Aide Individuelle \u00e0 la Formation (AIF)<\/li><li>La r\u00e9mun\u00e9ration des Formations de P\u00f4le Emploi (RFPE)<\/li><li>La Pr\u00e9paration Op\u00e9rationnelle \u00e0 l\u2019Emploi (POE)<\/li><li>L\u2019Action de Formation Pr\u00e9alable au Recrutement (AFPR)<\/li><\/ul>\n\n\n\n<p>En tant qu\u2019ind\u00e9pendant, vous versez une&nbsp;Contribution \u00e0 la Formation Professionnelle&nbsp;(CPF) aupr\u00e8s du&nbsp;Fonds d\u2019Assurance Formation&nbsp;(FAF) dont vous d\u00e9pendez.<\/p>\n\n\n\n<p>Dans la fonction publique, vous pouvez b\u00e9n\u00e9ficier du Cong\u00e9 de Formation Professionnelle (CFP), Cong\u00e9 de formation-mobilit\u00e9 des fonctionnaires de l\u2019\u00c9tat et de la p\u00e9riode de professionnalisation (FPH). <\/p>\n","protected":false},"excerpt":{"rendered":"<p>Aujourd&#8217;hui, vous disposez d\u2019un large \u00e9ventail de choix pour d\u00e9marrer de nouveaux projets professionnels. Alors pourquoi ne pas en profiter pour choisir un nouveau m\u00e9tier et d\u00e9marrer une nouvelle vie ? Mais le tout est de savoir comment choisir un m\u00e9tier lors d&#8217;une reconversion professionnelle. Formademia vous explique tout. Sommaire En quoi consiste la reconversion [&hellip;]<\/p>\n","protected":false},"author":4,"featured_media":0,"parent":0,"menu_order":0,"comment_status":"closed","ping_status":"closed","template":"","meta":[],"acf":false,"yoast_head":"<!-- This site is optimized with the Yoast SEO plugin v18.6 - https:\/\/yoast.com\/wordpress\/plugins\/seo\/ -->\n<title>Quels sont les m\u00e9tiers et comment choisir sa reconversion professionnelle ? - Formademia<\/title>\n<meta name=\"robots\" content=\"index, follow, max-snippet:-1, max-image-preview:large, max-video-preview:-1\" \/>\n<link rel=\"canonical\" href=\"https:\/\/www.formademia.fr\/blog\/fiches-metiers\/\" \/>\n<meta property=\"og:type\" content=\"article\" \/>\n<meta property=\"og:title\" content=\"Quels sont les m\u00e9tiers et comment choisir sa reconversion professionnelle ? - Formademia\" \/>\n<meta property=\"og:description\" content=\"Aujourd&#8217;hui, vous disposez d\u2019un large \u00e9ventail de choix pour d\u00e9marrer de nouveaux projets professionnels. Alors pourquoi ne pas en profiter pour choisir un nouveau m\u00e9tier et d\u00e9marrer une nouvelle vie ? Mais le tout est de savoir comment choisir un m\u00e9tier lors d&#8217;une reconversion professionnelle. Formademia vous explique tout. Sommaire En quoi consiste la reconversion [&hellip;]\" \/>\n<meta property=\"og:url\" content=\"https:\/\/www.formademia.fr\/blog\/fiches-metiers\/\" \/>\n<meta property=\"og:site_name\" content=\"Formademia\" \/>\n<meta property=\"article:modified_time\" content=\"2022-09-16T15:33:44+00:00\" \/>\n<meta property=\"og:image\" content=\"https:\/\/www.formademia.fr\/blog\/wp-content\/uploads\/2022\/09\/Responsable-Grands-Comptes-1-1024x683.jpeg\" \/>\n<meta name=\"twitter:card\" content=\"summary_large_image\" \/>\n<meta name=\"twitter:label1\" content=\"Est. reading time\" \/>\n\t<meta name=\"twitter:data1\" content=\"6 minutes\" \/>\n<script type=\"application\/ld+json\" class=\"yoast-schema-graph\">{\"@context\":\"https:\/\/schema.org\",\"@graph\":[{\"@type\":\"WebSite\",\"@id\":\"https:\/\/www.formademia.fr\/blog\/#website\",\"url\":\"https:\/\/www.formademia.fr\/blog\/\",\"name\":\"Formademia\",\"description\":\"\",\"potentialAction\":[{\"@type\":\"SearchAction\",\"target\":{\"@type\":\"EntryPoint\",\"urlTemplate\":\"https:\/\/www.formademia.fr\/blog\/?s={search_term_string}\"},\"query-input\":\"required name=search_term_string\"}],\"inLanguage\":\"en-US\"},{\"@type\":\"ImageObject\",\"@id\":\"https:\/\/www.formademia.fr\/blog\/fiches-metiers\/#primaryimage\",\"inLanguage\":\"en-US\",\"url\":\"https:\/\/www.formademia.fr\/blog\/wp-content\/uploads\/2022\/09\/Responsable-Grands-Comptes-1.jpeg\",\"contentUrl\":\"https:\/\/www.formademia.fr\/blog\/wp-content\/uploads\/2022\/09\/Responsable-Grands-Comptes-1.jpeg\",\"width\":1560,\"height\":1040},{\"@type\":\"WebPage\",\"@id\":\"https:\/\/www.formademia.fr\/blog\/fiches-metiers\/#webpage\",\"url\":\"https:\/\/www.formademia.fr\/blog\/fiches-metiers\/\",\"name\":\"Quels sont les m\u00e9tiers et comment choisir sa reconversion professionnelle ? - Formademia\",\"isPartOf\":{\"@id\":\"https:\/\/www.formademia.fr\/blog\/#website\"},\"primaryImageOfPage\":{\"@id\":\"https:\/\/www.formademia.fr\/blog\/fiches-metiers\/#primaryimage\"},\"datePublished\":\"2022-09-16T14:16:19+00:00\",\"dateModified\":\"2022-09-16T15:33:44+00:00\",\"breadcrumb\":{\"@id\":\"https:\/\/www.formademia.fr\/blog\/fiches-metiers\/#breadcrumb\"},\"inLanguage\":\"en-US\",\"potentialAction\":[{\"@type\":\"ReadAction\",\"target\":[\"https:\/\/www.formademia.fr\/blog\/fiches-metiers\/\"]}]},{\"@type\":\"BreadcrumbList\",\"@id\":\"https:\/\/www.formademia.fr\/blog\/fiches-metiers\/#breadcrumb\",\"itemListElement\":[{\"@type\":\"ListItem\",\"position\":1,\"name\":\"Home\",\"item\":\"https:\/\/www.formademia.fr\/blog\/\"},{\"@type\":\"ListItem\",\"position\":2,\"name\":\"Quels sont les m\u00e9tiers et comment choisir sa reconversion professionnelle ?\"}]}]}<\/script>\n<!-- \/ Yoast SEO plugin. -->","yoast_head_json":{"title":"Quels sont les m\u00e9tiers et comment choisir sa reconversion professionnelle ? - Formademia","robots":{"index":"index","follow":"follow","max-snippet":"max-snippet:-1","max-image-preview":"max-image-preview:large","max-video-preview":"max-video-preview:-1"},"canonical":"https:\/\/www.formademia.fr\/blog\/fiches-metiers\/","og_type":"article","og_title":"Quels sont les m\u00e9tiers et comment choisir sa reconversion professionnelle ? - Formademia","og_description":"Aujourd&#8217;hui, vous disposez d\u2019un large \u00e9ventail de choix pour d\u00e9marrer de nouveaux projets professionnels. Alors pourquoi ne pas en profiter pour choisir un nouveau m\u00e9tier et d\u00e9marrer une nouvelle vie ? Mais le tout est de savoir comment choisir un m\u00e9tier lors d&#8217;une reconversion professionnelle. Formademia vous explique tout. Sommaire En quoi consiste la reconversion [&hellip;]","og_url":"https:\/\/www.formademia.fr\/blog\/fiches-metiers\/","og_site_name":"Formademia","article_modified_time":"2022-09-16T15:33:44+00:00","og_image":[{"url":"https:\/\/www.formademia.fr\/blog\/wp-content\/uploads\/2022\/09\/Responsable-Grands-Comptes-1-1024x683.jpeg"}],"twitter_card":"summary_large_image","twitter_misc":{"Est. reading time":"6 minutes"},"schema":{"@context":"https:\/\/schema.org","@graph":[{"@type":"WebSite","@id":"https:\/\/www.formademia.fr\/blog\/#website","url":"https:\/\/www.formademia.fr\/blog\/","name":"Formademia","description":"","potentialAction":[{"@type":"SearchAction","target":{"@type":"EntryPoint","urlTemplate":"https:\/\/www.formademia.fr\/blog\/?s={search_term_string}"},"query-input":"required name=search_term_string"}],"inLanguage":"en-US"},{"@type":"ImageObject","@id":"https:\/\/www.formademia.fr\/blog\/fiches-metiers\/#primaryimage","inLanguage":"en-US","url":"https:\/\/www.formademia.fr\/blog\/wp-content\/uploads\/2022\/09\/Responsable-Grands-Comptes-1.jpeg","contentUrl":"https:\/\/www.formademia.fr\/blog\/wp-content\/uploads\/2022\/09\/Responsable-Grands-Comptes-1.jpeg","width":1560,"height":1040},{"@type":"WebPage","@id":"https:\/\/www.formademia.fr\/blog\/fiches-metiers\/#webpage","url":"https:\/\/www.formademia.fr\/blog\/fiches-metiers\/","name":"Quels sont les m\u00e9tiers et comment choisir sa reconversion professionnelle ? - Formademia","isPartOf":{"@id":"https:\/\/www.formademia.fr\/blog\/#website"},"primaryImageOfPage":{"@id":"https:\/\/www.formademia.fr\/blog\/fiches-metiers\/#primaryimage"},"datePublished":"2022-09-16T14:16:19+00:00","dateModified":"2022-09-16T15:33:44+00:00","breadcrumb":{"@id":"https:\/\/www.formademia.fr\/blog\/fiches-metiers\/#breadcrumb"},"inLanguage":"en-US","potentialAction":[{"@type":"ReadAction","target":["https:\/\/www.formademia.fr\/blog\/fiches-metiers\/"]}]},{"@type":"BreadcrumbList","@id":"https:\/\/www.formademia.fr\/blog\/fiches-metiers\/#breadcrumb","itemListElement":[{"@type":"ListItem","position":1,"name":"Home","item":"https:\/\/www.formademia.fr\/blog\/"},{"@type":"ListItem","position":2,"name":"Quels sont les m\u00e9tiers et comment choisir sa reconversion professionnelle ?"}]}]}},"_links":{"self":[{"href":"https:\/\/www.formademia.fr\/blog\/wp-json\/wp\/v2\/pages\/1529"}],"collection":[{"href":"https:\/\/www.formademia.fr\/blog\/wp-json\/wp\/v2\/pages"}],"about":[{"href":"https:\/\/www.formademia.fr\/blog\/wp-json\/wp\/v2\/types\/page"}],"author":[{"embeddable":true,"href":"https:\/\/www.formademia.fr\/blog\/wp-json\/wp\/v2\/users\/4"}],"replies":[{"embeddable":true,"href":"https:\/\/www.formademia.fr\/blog\/wp-json\/wp\/v2\/comments?post=1529"}],"version-history":[{"count":3,"href":"https:\/\/www.formademia.fr\/blog\/wp-json\/wp\/v2\/pages\/1529\/revisions"}],"predecessor-version":[{"id":1568,"href":"https:\/\/www.formademia.fr\/blog\/wp-json\/wp\/v2\/pages\/1529\/revisions\/1568"}],"wp:attachment":[{"href":"https:\/\/www.formademia.fr\/blog\/wp-json\/wp\/v2\/media?parent=1529"}],"curies":[{"name":"wp","href":"https:\/\/api.w.org\/{rel}","templated":true}]}}